{"id":764,"date":"2026-05-04T16:55:27","date_gmt":"2026-05-04T16:55:27","guid":{"rendered":"https:\/\/centarjoy.com\/?page_id=764"},"modified":"2026-05-04T17:16:03","modified_gmt":"2026-05-04T17:16:03","slug":"smilja-draganov","status":"publish","type":"page","link":"https:\/\/centarjoy.com\/index.php\/smilja-draganov\/","title":{"rendered":"Smilja Draganov"},"content":{"rendered":"\n<figure class=\"wp-block-image size-large\"><img fetchpriority=\"high\" decoding=\"async\" width=\"752\" height=\"1024\" src=\"https:\/\/centarjoy.com\/wp-content\/uploads\/2026\/05\/smilja-foto-scaled-e1777914922660-752x1024.jpg\" alt=\"\" class=\"wp-image-766\" srcset=\"https:\/\/centarjoy.com\/wp-content\/uploads\/2026\/05\/smilja-foto-scaled-e1777914922660-752x1024.jpg 752w, https:\/\/centarjoy.com\/wp-content\/uploads\/2026\/05\/smilja-foto-scaled-e1777914922660-220x300.jpg 220w, https:\/\/centarjoy.com\/wp-content\/uploads\/2026\/05\/smilja-foto-scaled-e1777914922660-768x1046.jpg 768w, https:\/\/centarjoy.com\/wp-content\/uploads\/2026\/05\/smilja-foto-scaled-e1777914922660-1127x1536.jpg 1127w, https:\/\/centarjoy.com\/wp-content\/uploads\/2026\/05\/smilja-foto-scaled-e1777914922660-55x75.jpg 55w, https:\/\/centarjoy.com\/wp-content\/uploads\/2026\/05\/smilja-foto-scaled-e1777914922660-480x654.jpg 480w, https:\/\/centarjoy.com\/wp-content\/uploads\/2026\/05\/smilja-foto-scaled-e1777914922660.jpg 1233w\" sizes=\"(max-width:767px) 480px, 752px\" \/><\/figure>\n\n\n\n<p><strong>Smilja Draganov<\/strong><\/p>\n\n\n\n<p>psiholog, de\u010diji psihoterapeut<\/p>\n\n\n\n<p>Ro\u0111ena u Somboru, gde je zavr\u0161ila osnovnu i srednju \u0161kolu. Diplomirala&nbsp; na Filozofskom fakultetu u Novom Sadu 2000. godine, odsek psihologija.<\/p>\n\n\n\n<p class=\"has-text-align-left\">Zaposlena u pred\u0161kolskoj ustanovi u Somboru od 2001. godine. Iskustvo u radu sa decom i roditeljima sticala kroz razli\u010dite oblike rada, individualni, roditeljske sastanke, radionice sa decom i roditeljima&#8230;&nbsp;&nbsp;&nbsp;&nbsp;&nbsp;&nbsp;&nbsp;&nbsp;&nbsp;&nbsp;&nbsp;&nbsp;&nbsp;&nbsp;&nbsp;&nbsp;&nbsp;&nbsp;&nbsp;&nbsp;&nbsp;&nbsp;&nbsp;&nbsp;&nbsp;&nbsp;&nbsp;&nbsp;&nbsp;&nbsp;&nbsp;&nbsp;&nbsp;&nbsp;&nbsp;&nbsp;&nbsp;&nbsp;&nbsp;&nbsp;&nbsp;&nbsp;&nbsp;&nbsp;&nbsp;&nbsp;&nbsp;&nbsp; &nbsp;&nbsp;&nbsp;&nbsp;&nbsp;&nbsp;&nbsp;&nbsp;&nbsp;&nbsp;&nbsp;&nbsp;&nbsp;&nbsp;&nbsp;&nbsp;&nbsp;&nbsp;&nbsp;&nbsp;&nbsp;&nbsp;&nbsp;&nbsp;&nbsp;&nbsp;&nbsp;&nbsp;&nbsp;&nbsp;&nbsp;&nbsp;&nbsp;&nbsp;&nbsp;&nbsp;&nbsp;&nbsp;&nbsp;&nbsp;&nbsp;&nbsp;&nbsp;&nbsp;&nbsp;&nbsp;<\/p>\n\n\n\n<p class=\"has-text-align-left\">&nbsp;Zavr\u0161ila osnovni kurs TA 101 kod dr Zorana Milivojevi\u0107a u Novom Sadu 2000. godine. Kontinuirano se stru\u010dno usavr\u0161avala na razli\u010ditim seminarima, treninzima &nbsp;i obukama: Program za\u0161tite budu\u0107eg razvoja dece \u201eZdravo da ste\u201c, De\u010dije stvarala\u010dko konstruisanje, Komunikacija u vaspitanju,&nbsp; Vrti\u0107 i \u0161kola po meri deteta modul 1 i 2, Razumevanje kvalitetne obrazovne i vaspitne prakse, Preventivno-korektivni rad sa decom sa smetnjama u razvoju, &nbsp;Prevencija agresije i nasilja u ranom uzrastu,Vrti\u0107 kao baza emocionalne sigurnosti \u2013 ja\u010danje kapaciteta za socio-emocionalni razvoj deteta, Podsticanje de\u010dijeg samopo\u0161tovanja putem kooperativne komunikacije, Vizuelne strategije za razvoj komunikacije i socijalizacije kod dece sa smetnjama iz spektra autizma, Mogu\u0107nosti primene teorije afektivne vezanosti u savetodavnom radu sa porodicama, Primena teorije afektivne vezanosti u radu sa roditeljima dece sa hroni\u010dnim bolestima i razvojnim smetnjama: procena roditeljskog prihvatanja dijagnoze deteta, Mo\u0107 ma\u0161te, mo\u0107 pokreta \u2013 dramske tehnike u pri\u010dama za decu, Tehnike ja\u010danja senzitivnosti roditelja: formiranje i rad sa grupama parova roditelja, Od agresivnosti do kreativnosti \u2013 inovativni pristupi problemu nasilnog pona\u0161anja dece u vrti\u0107u i \u0161koli, Vrti\u0107 kao sigurna baza: unapre\u0111enje saradnje izme\u0111u vrti\u0107a i ustanova socijalne za\u0161tite u oblasti hraniteljstva, Rodna osve\u0161\u0107enost, prevencija nasilja i diskriminacije u vrti\u0107ima i \u0161kolama, Komunikacija u \u0107orsokaku kao potencijalni bezbedonosni rizik \u2013 kako izbe\u0107i i razre\u0161iti konflikt na konstruktivan na\u010din, Socio-emocionalno u\u010denje kao podr\u0161ka razvoju konstruktivnih odnosa u vr\u0161nja\u010dkoj zajednici, Uloga porodice u izgradnji sigurnog i podsticajnog okru\u017eenja u vrti\u0107u, Prava deteta u obrazovanju, Obuke za savetnike spoljne saradnike u oblasti za\u0161tite dece od diskriminacije, nasilja, zlostavljanja i zanemarivanja, Trauma kod dece i omladine \u2013 kako pri\u0107i traumi iz ugla prosvetnih radnika, Nesuicidalno samopovre\u0111ivanje adolescenata, Psihoterapijski tretman opsesivno kompulzivnog poreme\u0107aja kod dece i adolescenata&#8230;&nbsp;&nbsp;&nbsp;&nbsp;&nbsp;&nbsp;&nbsp;&nbsp;&nbsp;&nbsp;&nbsp;&nbsp;&nbsp;&nbsp;&nbsp;&nbsp;&nbsp;&nbsp;&nbsp;&nbsp;&nbsp;&nbsp;&nbsp;&nbsp;&nbsp;&nbsp;&nbsp;&nbsp;&nbsp;&nbsp;&nbsp;&nbsp;&nbsp;&nbsp;&nbsp;&nbsp;&nbsp;&nbsp;&nbsp;&nbsp;&nbsp;&nbsp;&nbsp;&nbsp;&nbsp;&nbsp;&nbsp;&nbsp;&nbsp;&nbsp;&nbsp;&nbsp;&nbsp;&nbsp;&nbsp;&nbsp;&nbsp;&nbsp;&nbsp;&nbsp;&nbsp;&nbsp;&nbsp;&nbsp;&nbsp;&nbsp;&nbsp;&nbsp;&nbsp;&nbsp;&nbsp;&nbsp;&nbsp;&nbsp;&nbsp;&nbsp;&nbsp;&nbsp;&nbsp;&nbsp;&nbsp;&nbsp;&nbsp;&nbsp;&nbsp;&nbsp;&nbsp;&nbsp;&nbsp;&nbsp;&nbsp;&nbsp;&nbsp;&nbsp;&nbsp;&nbsp;&nbsp;&nbsp;&nbsp;&nbsp;&nbsp;&nbsp;&nbsp;&nbsp;&nbsp;&nbsp;&nbsp;&nbsp;&nbsp;&nbsp;&nbsp;&nbsp;&nbsp;&nbsp;&nbsp;&nbsp;&nbsp;&nbsp;&nbsp;&nbsp;<\/p>\n\n\n\n<p class=\"has-text-align-left\"> Zvanje integrativnog de\u010dijeg&nbsp; psihoterapeuta stekla je 2023. godine<\/p>\n\n\n\n<p>Kontakt: 063\/ 7310106, smiljapsiholog@gmail.com<\/p>\n","protected":false},"excerpt":{"rendered":"<p>Smilja Draganov psiholog, de\u010diji psihoterapeut Ro\u0111ena u Somboru, gde je zavr\u0161ila osnovnu i srednju \u0161kolu. Diplomirala&nbsp; na Filozofskom fakultetu u Novom Sadu 2000. godine, odsek psihologija.<span class=\"excerpt-hellip\"> [\u2026]<\/span><\/p>\n","protected":false},"author":1,"featured_media":766,"parent":0,"menu_order":0,"comment_status":"closed","ping_status":"closed","template":"","meta":{"content-type":"","footnotes":""},"class_list":["post-764","page","type-page","status-publish","has-post-thumbnail","hentry"],"jetpack_sharing_enabled":true,"_links":{"self":[{"href":"https:\/\/centarjoy.com\/index.php\/wp-json\/wp\/v2\/pages\/764","targetHints":{"allow":["GET"]}}],"collection":[{"href":"https:\/\/centarjoy.com\/index.php\/wp-json\/wp\/v2\/pages"}],"about":[{"href":"https:\/\/centarjoy.com\/index.php\/wp-json\/wp\/v2\/types\/page"}],"author":[{"embeddable":true,"href":"https:\/\/centarjoy.com\/index.php\/wp-json\/wp\/v2\/users\/1"}],"replies":[{"embeddable":true,"href":"https:\/\/centarjoy.com\/index.php\/wp-json\/wp\/v2\/comments?post=764"}],"version-history":[{"count":3,"href":"https:\/\/centarjoy.com\/index.php\/wp-json\/wp\/v2\/pages\/764\/revisions"}],"predecessor-version":[{"id":771,"href":"https:\/\/centarjoy.com\/index.php\/wp-json\/wp\/v2\/pages\/764\/revisions\/771"}],"wp:featuredmedia":[{"embeddable":true,"href":"https:\/\/centarjoy.com\/index.php\/wp-json\/wp\/v2\/media\/766"}],"wp:attachment":[{"href":"https:\/\/centarjoy.com\/index.php\/wp-json\/wp\/v2\/media?parent=764"}],"curies":[{"name":"wp","href":"https:\/\/api.w.org\/{rel}","templated":true}]}}