{"id":14,"date":"2018-12-27T12:24:45","date_gmt":"2018-12-27T12:24:45","guid":{"rendered":"https:\/\/themes.muffingroup.com\/be\/healthy\/?page_id=14"},"modified":"2024-10-13T09:52:14","modified_gmt":"2024-10-13T09:52:14","slug":"doctors","status":"publish","type":"page","link":"https:\/\/centarjoy.com\/index.php\/doctors\/","title":{"rendered":"Tim"},"content":{"rendered":"<p><img fetchpriority=\"high\" decoding=\"async\" src=\"https:\/\/centarjoy.com\/wp-content\/uploads\/2024\/02\/Katarina-2-300x300.jpg\" sizes=\"(max-width:767px) 300px, 300px\" srcset=\"https:\/\/centarjoy.com\/wp-content\/uploads\/2024\/02\/Katarina-2-300x300.jpg 300w, https:\/\/centarjoy.com\/wp-content\/uploads\/2024\/02\/Katarina-2-150x150.jpg 150w, https:\/\/centarjoy.com\/wp-content\/uploads\/2024\/02\/Katarina-2-74x75.jpg 74w\" alt=\"\" width=\"300\" height=\"300\" \/><\/p>\n<p><a href=\"https:\/\/centarjoy.com\/index.php\/elementor-641\/\"><strong>Dr Katarina Moldovanov \u010celebi\u0107<\/strong><\/a>\u00a0<\/p>\n<p>Psihijatar<\/p>\n<p><img decoding=\"async\" src=\"https:\/\/centarjoy.com\/wp-content\/uploads\/2024\/01\/Makk-Veronika-300x300.png\" sizes=\"(max-width:767px) 300px, 300px\" srcset=\"https:\/\/centarjoy.com\/wp-content\/uploads\/2024\/01\/Makk-Veronika-300x300.png 300w, https:\/\/centarjoy.com\/wp-content\/uploads\/2024\/01\/Makk-Veronika-150x150.png 150w\" alt=\"\" width=\"300\" height=\"300\" \/><\/p>\n<p><a href=\"https:\/\/centarjoy.com\/index.php\/bebuilder-620\/\"><strong>Veronika Makk<\/strong><\/a><\/p>\n<p>Psiholog<\/p>\n\n\n<figure class=\"wp-block-image size-large is-resized\"><img decoding=\"async\" width=\"896\" height=\"1024\" src=\"https:\/\/centarjoy.com\/wp-content\/uploads\/2024\/10\/IMG_20241010_191834-1-896x1024.jpg\" alt=\"\" class=\"wp-image-713\" style=\"width:337px;height:auto\" srcset=\"https:\/\/centarjoy.com\/wp-content\/uploads\/2024\/10\/IMG_20241010_191834-1-896x1024.jpg 896w, https:\/\/centarjoy.com\/wp-content\/uploads\/2024\/10\/IMG_20241010_191834-1-263x300.jpg 263w, https:\/\/centarjoy.com\/wp-content\/uploads\/2024\/10\/IMG_20241010_191834-1-768x877.jpg 768w, https:\/\/centarjoy.com\/wp-content\/uploads\/2024\/10\/IMG_20241010_191834-1-66x75.jpg 66w, https:\/\/centarjoy.com\/wp-content\/uploads\/2024\/10\/IMG_20241010_191834-1-480x548.jpg 480w, https:\/\/centarjoy.com\/wp-content\/uploads\/2024\/10\/IMG_20241010_191834-1.jpg 976w\" sizes=\"(max-width:767px) 480px, (max-width:896px) 100vw, 896px\" \/><\/figure>\n\n\n\n<p><strong><a href=\"https:\/\/centarjoy.com\/index.php\/sladjana-dzunic\/\" data-type=\"link\" data-id=\"https:\/\/centarjoy.com\/index.php\/2024\/10\/13\/710\/\">Sla\u0111ana D\u017euni\u0107<\/a><\/strong><\/p>\n\n\n\n<p><em>Master psiholog, psihoterapeut pod supervizijom<\/em><\/p>\n\n\n\n<p><\/p>\n","protected":false},"excerpt":{"rendered":"<p>Dr Katarina Moldovanov \u010celebi\u0107\u00a0 Psihijatar Veronika Makk Psiholog Sla\u0111ana D\u017euni\u0107 Master psiholog, psihoterapeut pod supervizijom<\/p>\n","protected":false},"author":1,"featured_media":0,"parent":0,"menu_order":0,"comment_status":"closed","ping_status":"closed","template":"","meta":{"content-type":"","footnotes":""},"class_list":["post-14","page","type-page","status-publish","hentry"],"jetpack_sharing_enabled":true,"_links":{"self":[{"href":"https:\/\/centarjoy.com\/index.php\/wp-json\/wp\/v2\/pages\/14","targetHints":{"allow":["GET"]}}],"collection":[{"href":"https:\/\/centarjoy.com\/index.php\/wp-json\/wp\/v2\/pages"}],"about":[{"href":"https:\/\/centarjoy.com\/index.php\/wp-json\/wp\/v2\/types\/page"}],"author":[{"embeddable":true,"href":"https:\/\/centarjoy.com\/index.php\/wp-json\/wp\/v2\/users\/1"}],"replies":[{"embeddable":true,"href":"https:\/\/centarjoy.com\/index.php\/wp-json\/wp\/v2\/comments?post=14"}],"version-history":[{"count":13,"href":"https:\/\/centarjoy.com\/index.php\/wp-json\/wp\/v2\/pages\/14\/revisions"}],"predecessor-version":[{"id":726,"href":"https:\/\/centarjoy.com\/index.php\/wp-json\/wp\/v2\/pages\/14\/revisions\/726"}],"wp:attachment":[{"href":"https:\/\/centarjoy.com\/index.php\/wp-json\/wp\/v2\/media?parent=14"}],"curies":[{"name":"wp","href":"https:\/\/api.w.org\/{rel}","templated":true}]}}